{"id":16,"date":"2016-05-02T20:51:00","date_gmt":"2016-05-02T19:51:00","guid":{"rendered":"http:\/\/revueexpne.cluster003.ovh.net\/?page_id=16"},"modified":"2021-01-05T21:50:43","modified_gmt":"2021-01-05T20:50:43","slug":"presentation-de-revue","status":"publish","type":"page","link":"https:\/\/www.revue-exposition.com\/","title":{"rendered":"Pr\u00e9sentation de la revue"},"content":{"rendered":"<p style=\"text-align: justify;\"><em>exPosition<\/em> est une revue scientifique francophone qui interroge les enjeux propres \u00e0 la mise en exposition des \u0153uvres et objets d\u2019art. Pluridisciplinaire, ind\u00e9pendante et exclusivement diffus\u00e9e en ligne en acc\u00e8s libre, sa parution est annuelle.<\/p>\n<p style=\"text-align: justify;\">Comme son titre entend le sugg\u00e9rer, <em>exPosition<\/em> met l\u2019accent sur la prise de position argument\u00e9e de ses auteurs\/trices. Celle-ci doit faire \u00e9cho \u00e0 leur champ d&rsquo;expertise, qu\u2019ils soient universitaires et\/ou professionnels de l\u2019exposition (incluant les artistes eux-m\u00eames). La ligne directrice de la revue repose ainsi, en partie, sur l\u2019engagement critique et\/ou scientifique de ses auteurs\/trices.<\/p>\n<p style=\"text-align: justify;\">N\u2019adoptant aucune borne g\u00e9ographique ou chronologique,\u00a0<em>exPosition<\/em> n\u2019exclut pas non plus de son champ d\u2019int\u00e9r\u00eat les espaces priv\u00e9s. La revue s\u2019int\u00e9resse tout particuli\u00e8rement aux choix d\u2019accrochage, de parcours, plus g\u00e9n\u00e9ralement au dialogue \u00e9tabli entre l\u2019\u0153uvre et son lieu de monstration et aux cons\u00e9quences induites pour le spectateur dans son appr\u00e9hension de l\u2019art. En ce sens, l\u2019\u0153uvre ou l\u2019objet d\u2019art est au c\u0153ur de son propos. Les contributions peuvent ainsi porter sur des expositions r\u00e9centes (temporaires ou permanentes) ou relever d\u2019une analyse historique questionnant les diverses options prises par le pass\u00e9 dans la pr\u00e9sentation des \u0153uvres et\/ou objets d\u2019art. Dans tous les cas, il s\u2019agit de questionner les choix op\u00e9r\u00e9s et leur pertinence, au regard notamment des ambitions premi\u00e8res des artistes.<\/p>\n<p style=\"text-align: justify;\">Imagin\u00e9 en 2012 par H\u00e9l\u00e8ne Trespeuch, ce projet de revue ne s&rsquo;est concr\u00e9tis\u00e9 qu&rsquo;avec la pr\u00e9cieuse collaboration de Sylvain Demarthe et Caroline Tron-Carroz pour para\u00eetre officiellement en juin 2016. Entre 2012 et 2016, la revue s&rsquo;est progressivement construite gr\u00e2ce \u00e0 la confiance et la patience des auteurs\/trices. Qu&rsquo;ils et elles soient tous remerci\u00e9.e.s ici.<\/p>\n<p style=\"text-align: justify;\"><img data-recalc-dims=\"1\" loading=\"lazy\" decoding=\"async\" class=\"wp-image-669 alignright\" src=\"https:\/\/i0.wp.com\/revueexpne.cluster003.ovh.net\/wp-content\/uploads\/2016\/06\/logo-rond-noir-300x300.jpg?resize=225%2C225\" alt=\"logo rond-noir\" width=\"225\" height=\"225\" srcset=\"https:\/\/i0.wp.com\/www.revue-exposition.com\/wp-content\/uploads\/2016\/06\/logo-rond-noir.jpg?resize=300%2C300&amp;ssl=1 300w, https:\/\/i0.wp.com\/www.revue-exposition.com\/wp-content\/uploads\/2016\/06\/logo-rond-noir.jpg?resize=150%2C150&amp;ssl=1 150w, https:\/\/i0.wp.com\/www.revue-exposition.com\/wp-content\/uploads\/2016\/06\/logo-rond-noir.jpg?resize=768%2C768&amp;ssl=1 768w, https:\/\/i0.wp.com\/www.revue-exposition.com\/wp-content\/uploads\/2016\/06\/logo-rond-noir.jpg?w=1000&amp;ssl=1 1000w\" sizes=\"auto, (max-width: 225px) 85vw, 225px\" \/><\/p>\n","protected":false},"excerpt":{"rendered":"<p>exPosition est une revue scientifique francophone qui interroge les enjeux propres \u00e0 la mise en exposition des \u0153uvres et objets d\u2019art. Pluridisciplinaire, ind\u00e9pendante et exclusivement diffus\u00e9e en ligne en acc\u00e8s libre, sa parution est annuelle. Comme son titre entend le sugg\u00e9rer, exPosition met l\u2019accent sur la prise de position argument\u00e9e de ses auteurs\/trices. Celle-ci doit &hellip; <a href=\"https:\/\/www.revue-exposition.com\/\" class=\"more-link\">Continuer la lecture<span class=\"screen-reader-text\"> de &laquo;&nbsp;Pr\u00e9sentation de la revue&nbsp;&raquo;<\/span><\/a><\/p>\n","protected":false},"author":1,"featured_media":0,"parent":0,"menu_order":0,"comment_status":"closed","ping_status":"closed","template":"","meta":{"jetpack_post_was_ever_published":false,"footnotes":""},"class_list":["post-16","page","type-page","status-publish","hentry"],"yoast_head":"<!-- This site is optimized with the Yoast SEO plugin v27.0 - https:\/\/yoast.com\/product\/yoast-seo-wordpress\/ -->\n<title>Pr\u00e9sentation de la revue - exPosition<\/title>\n<meta name=\"description\" content=\"exPosition est une revue scientifique francophone qui interroge les enjeux propres \u00e0 la mise en exposition des \u0153uvres et objets d\u2019art.\" \/>\n<meta name=\"robots\" content=\"index, follow, max-snippet:-1, max-image-preview:large, max-video-preview:-1\" \/>\n<link rel=\"canonical\" href=\"https:\/\/www.revue-exposition.com\/\" \/>\n<meta property=\"og:locale\" content=\"fr_FR\" \/>\n<meta property=\"og:type\" content=\"article\" \/>\n<meta property=\"og:title\" content=\"Pr\u00e9sentation de la revue - exPosition\" \/>\n<meta property=\"og:description\" content=\"exPosition est une revue scientifique francophone qui interroge les enjeux propres \u00e0 la mise en exposition des \u0153uvres et objets d\u2019art.\" \/>\n<meta property=\"og:url\" content=\"https:\/\/www.revue-exposition.com\/\" \/>\n<meta property=\"og:site_name\" content=\"exPosition\" \/>\n<meta property=\"article:modified_time\" content=\"2021-01-05T20:50:43+00:00\" \/>\n<meta property=\"og:image\" content=\"http:\/\/revueexpne.cluster003.ovh.net\/wp-content\/uploads\/2016\/06\/logo-rond-noir-300x300.jpg\" \/>\n<meta name=\"twitter:card\" content=\"summary_large_image\" \/>\n<meta name=\"twitter:label1\" content=\"Dur\u00e9e de lecture estim\u00e9e\" \/>\n\t<meta name=\"twitter:data1\" content=\"2 minutes\" \/>\n<script type=\"application\/ld+json\" class=\"yoast-schema-graph\">{\"@context\":\"https:\/\/schema.org\",\"@graph\":[{\"@type\":\"WebPage\",\"@id\":\"https:\/\/www.revue-exposition.com\/\",\"url\":\"https:\/\/www.revue-exposition.com\/\",\"name\":\"Pr\u00e9sentation de la revue - exPosition\",\"isPartOf\":{\"@id\":\"https:\/\/www.revue-exposition.com\/#website\"},\"primaryImageOfPage\":{\"@id\":\"https:\/\/www.revue-exposition.com\/#primaryimage\"},\"image\":{\"@id\":\"https:\/\/www.revue-exposition.com\/#primaryimage\"},\"thumbnailUrl\":\"http:\/\/revueexpne.cluster003.ovh.net\/wp-content\/uploads\/2016\/06\/logo-rond-noir-300x300.jpg\",\"datePublished\":\"2016-05-02T19:51:00+00:00\",\"dateModified\":\"2021-01-05T20:50:43+00:00\",\"description\":\"exPosition est une revue scientifique francophone qui interroge les enjeux propres \u00e0 la mise en exposition des \u0153uvres et objets d\u2019art.\",\"breadcrumb\":{\"@id\":\"https:\/\/www.revue-exposition.com\/#breadcrumb\"},\"inLanguage\":\"fr-FR\",\"potentialAction\":[{\"@type\":\"ReadAction\",\"target\":[\"https:\/\/www.revue-exposition.com\/\"]}]},{\"@type\":\"ImageObject\",\"inLanguage\":\"fr-FR\",\"@id\":\"https:\/\/www.revue-exposition.com\/#primaryimage\",\"url\":\"http:\/\/revueexpne.cluster003.ovh.net\/wp-content\/uploads\/2016\/06\/logo-rond-noir-300x300.jpg\",\"contentUrl\":\"http:\/\/revueexpne.cluster003.ovh.net\/wp-content\/uploads\/2016\/06\/logo-rond-noir-300x300.jpg\"},{\"@type\":\"BreadcrumbList\",\"@id\":\"https:\/\/www.revue-exposition.com\/#breadcrumb\",\"itemListElement\":[{\"@type\":\"ListItem\",\"position\":1,\"name\":\"Accueil\",\"item\":\"https:\/\/www.revue-exposition.com\/\"},{\"@type\":\"ListItem\",\"position\":2,\"name\":\"Pr\u00e9sentation de la revue\"}]},{\"@type\":\"WebSite\",\"@id\":\"https:\/\/www.revue-exposition.com\/#website\",\"url\":\"https:\/\/www.revue-exposition.com\/\",\"name\":\"exPosition\",\"description\":\"Revue d&#039;analyse des enjeux propres \u00e0 l&#039;exposition des \u0153uvres et objets d&#039;art\",\"publisher\":{\"@id\":\"https:\/\/www.revue-exposition.com\/#organization\"},\"potentialAction\":[{\"@type\":\"SearchAction\",\"target\":{\"@type\":\"EntryPoint\",\"urlTemplate\":\"https:\/\/www.revue-exposition.com\/?s={search_term_string}\"},\"query-input\":{\"@type\":\"PropertyValueSpecification\",\"valueRequired\":true,\"valueName\":\"search_term_string\"}}],\"inLanguage\":\"fr-FR\"},{\"@type\":\"Organization\",\"@id\":\"https:\/\/www.revue-exposition.com\/#organization\",\"name\":\"exPosition\",\"url\":\"https:\/\/www.revue-exposition.com\/\",\"logo\":{\"@type\":\"ImageObject\",\"inLanguage\":\"fr-FR\",\"@id\":\"https:\/\/www.revue-exposition.com\/#\/schema\/logo\/image\/\",\"url\":\"https:\/\/i2.wp.com\/www.revue-exposition.com\/wp-content\/uploads\/2016\/06\/cropped-logo-rond-noir.jpg?fit=512%2C512\",\"contentUrl\":\"https:\/\/i2.wp.com\/www.revue-exposition.com\/wp-content\/uploads\/2016\/06\/cropped-logo-rond-noir.jpg?fit=512%2C512\",\"width\":512,\"height\":512,\"caption\":\"exPosition\"},\"image\":{\"@id\":\"https:\/\/www.revue-exposition.com\/#\/schema\/logo\/image\/\"}}]}<\/script>\n<!-- \/ Yoast SEO plugin. -->","yoast_head_json":{"title":"Pr\u00e9sentation de la revue - exPosition","description":"exPosition est une revue scientifique francophone qui interroge les enjeux propres \u00e0 la mise en exposition des \u0153uvres et objets d\u2019art.","robots":{"index":"index","follow":"follow","max-snippet":"max-snippet:-1","max-image-preview":"max-image-preview:large","max-video-preview":"max-video-preview:-1"},"canonical":"https:\/\/www.revue-exposition.com\/","og_locale":"fr_FR","og_type":"article","og_title":"Pr\u00e9sentation de la revue - exPosition","og_description":"exPosition est une revue scientifique francophone qui interroge les enjeux propres \u00e0 la mise en exposition des \u0153uvres et objets d\u2019art.","og_url":"https:\/\/www.revue-exposition.com\/","og_site_name":"exPosition","article_modified_time":"2021-01-05T20:50:43+00:00","og_image":[{"url":"http:\/\/revueexpne.cluster003.ovh.net\/wp-content\/uploads\/2016\/06\/logo-rond-noir-300x300.jpg","type":"","width":"","height":""}],"twitter_card":"summary_large_image","twitter_misc":{"Dur\u00e9e de lecture estim\u00e9e":"2 minutes"},"schema":{"@context":"https:\/\/schema.org","@graph":[{"@type":"WebPage","@id":"https:\/\/www.revue-exposition.com\/","url":"https:\/\/www.revue-exposition.com\/","name":"Pr\u00e9sentation de la revue - exPosition","isPartOf":{"@id":"https:\/\/www.revue-exposition.com\/#website"},"primaryImageOfPage":{"@id":"https:\/\/www.revue-exposition.com\/#primaryimage"},"image":{"@id":"https:\/\/www.revue-exposition.com\/#primaryimage"},"thumbnailUrl":"http:\/\/revueexpne.cluster003.ovh.net\/wp-content\/uploads\/2016\/06\/logo-rond-noir-300x300.jpg","datePublished":"2016-05-02T19:51:00+00:00","dateModified":"2021-01-05T20:50:43+00:00","description":"exPosition est une revue scientifique francophone qui interroge les enjeux propres \u00e0 la mise en exposition des \u0153uvres et objets d\u2019art.","breadcrumb":{"@id":"https:\/\/www.revue-exposition.com\/#breadcrumb"},"inLanguage":"fr-FR","potentialAction":[{"@type":"ReadAction","target":["https:\/\/www.revue-exposition.com\/"]}]},{"@type":"ImageObject","inLanguage":"fr-FR","@id":"https:\/\/www.revue-exposition.com\/#primaryimage","url":"http:\/\/revueexpne.cluster003.ovh.net\/wp-content\/uploads\/2016\/06\/logo-rond-noir-300x300.jpg","contentUrl":"http:\/\/revueexpne.cluster003.ovh.net\/wp-content\/uploads\/2016\/06\/logo-rond-noir-300x300.jpg"},{"@type":"BreadcrumbList","@id":"https:\/\/www.revue-exposition.com\/#breadcrumb","itemListElement":[{"@type":"ListItem","position":1,"name":"Accueil","item":"https:\/\/www.revue-exposition.com\/"},{"@type":"ListItem","position":2,"name":"Pr\u00e9sentation de la revue"}]},{"@type":"WebSite","@id":"https:\/\/www.revue-exposition.com\/#website","url":"https:\/\/www.revue-exposition.com\/","name":"exPosition","description":"Revue d&#039;analyse des enjeux propres \u00e0 l&#039;exposition des \u0153uvres et objets d&#039;art","publisher":{"@id":"https:\/\/www.revue-exposition.com\/#organization"},"potentialAction":[{"@type":"SearchAction","target":{"@type":"EntryPoint","urlTemplate":"https:\/\/www.revue-exposition.com\/?s={search_term_string}"},"query-input":{"@type":"PropertyValueSpecification","valueRequired":true,"valueName":"search_term_string"}}],"inLanguage":"fr-FR"},{"@type":"Organization","@id":"https:\/\/www.revue-exposition.com\/#organization","name":"exPosition","url":"https:\/\/www.revue-exposition.com\/","logo":{"@type":"ImageObject","inLanguage":"fr-FR","@id":"https:\/\/www.revue-exposition.com\/#\/schema\/logo\/image\/","url":"https:\/\/i2.wp.com\/www.revue-exposition.com\/wp-content\/uploads\/2016\/06\/cropped-logo-rond-noir.jpg?fit=512%2C512","contentUrl":"https:\/\/i2.wp.com\/www.revue-exposition.com\/wp-content\/uploads\/2016\/06\/cropped-logo-rond-noir.jpg?fit=512%2C512","width":512,"height":512,"caption":"exPosition"},"image":{"@id":"https:\/\/www.revue-exposition.com\/#\/schema\/logo\/image\/"}}]}},"jetpack_sharing_enabled":true,"jetpack_shortlink":"https:\/\/wp.me\/P7FaMB-g","_links":{"self":[{"href":"https:\/\/www.revue-exposition.com\/index.php\/wp-json\/wp\/v2\/pages\/16","targetHints":{"allow":["GET"]}}],"collection":[{"href":"https:\/\/www.revue-exposition.com\/index.php\/wp-json\/wp\/v2\/pages"}],"about":[{"href":"https:\/\/www.revue-exposition.com\/index.php\/wp-json\/wp\/v2\/types\/page"}],"author":[{"embeddable":true,"href":"https:\/\/www.revue-exposition.com\/index.php\/wp-json\/wp\/v2\/users\/1"}],"replies":[{"embeddable":true,"href":"https:\/\/www.revue-exposition.com\/index.php\/wp-json\/wp\/v2\/comments?post=16"}],"version-history":[{"count":48,"href":"https:\/\/www.revue-exposition.com\/index.php\/wp-json\/wp\/v2\/pages\/16\/revisions"}],"predecessor-version":[{"id":1692,"href":"https:\/\/www.revue-exposition.com\/index.php\/wp-json\/wp\/v2\/pages\/16\/revisions\/1692"}],"wp:attachment":[{"href":"https:\/\/www.revue-exposition.com\/index.php\/wp-json\/wp\/v2\/media?parent=16"}],"curies":[{"name":"wp","href":"https:\/\/api.w.org\/{rel}","templated":true}]}}