{"id":21,"date":"2016-05-02T21:41:21","date_gmt":"2016-05-02T20:41:21","guid":{"rendered":"http:\/\/revueexpne.cluster003.ovh.net\/?page_id=21"},"modified":"2021-10-11T10:41:30","modified_gmt":"2021-10-11T09:41:30","slug":"note-aux-auteurs","status":"publish","type":"page","link":"https:\/\/www.revue-exposition.com\/index.php\/note-aux-auteurs","title":{"rendered":"Note aux auteurs\/trices"},"content":{"rendered":"<p style=\"text-align: justify;\"><strong>Varia<br \/>\n<\/strong><\/p>\n<p style=\"text-align: justify;\">Il est possible de soumettre tout au long de l\u2019ann\u00e9e une proposition d\u2019article \u00e0 la revue <em>exPosition<\/em> en envoyant un argumentaire (avec titre provisoire et probl\u00e9matique) de 3000 signes maximum \u00e0\u00a0<a href=\"mailto:contact@revue-exposition.com\">contact@revue-exposition.com<\/a>. En cas d\u2019avis positif du membre du comit\u00e9 de r\u00e9daction charg\u00e9 de cette phase de pr\u00e9-s\u00e9lection, l\u2019auteur\/trice s\u2019engage \u00e0 remettre son article enti\u00e8rement r\u00e9dig\u00e9 dans les mois suivants.<\/p>\n<p style=\"text-align: justify;\">Une fois re\u00e7u, ce texte, apr\u00e8s avoir \u00e9t\u00e9 anonym\u00e9, est soumis \u00e0 une \u00e9valuation en double aveugle assur\u00e9e par d\u2019autres membres du comit\u00e9 de r\u00e9daction et des expert.e.s ext\u00e9rieur.e.s formant le comit\u00e9 de lecture propre \u00e0 chaque num\u00e9ro. Les \u00e9valuateurs\/trices effectuent une lecture attentive de l\u2019article et chacun.e doit se prononcer sur sa pertinence, son caract\u00e8re in\u00e9dit, \u00e9valuer les qualit\u00e9s scientifiques du texte, sa capacit\u00e9 \u00e0 s\u2019appuyer sur un appareil critique pr\u00e9cis, mais aussi juger la qualit\u00e9 de l\u2019\u00e9criture et du style. \u00c0 l\u2019issue de ce processus d\u2019\u00e9valuation, l\u2019auteur\/trice re\u00e7oit les avis argument\u00e9s. Son texte peut \u00eatre accept\u00e9, soumis \u00e0 corrections ou refus\u00e9.<\/p>\n<p style=\"text-align: justify;\"><strong>Dossier th\u00e9matique<\/strong><\/p>\n<p style=\"text-align: justify;\">Les articles soumis pour le dossier th\u00e9matique annuel r\u00e9pondent \u00e0 un calendrier plus strict (consulter la rubrique\u00a0<a href=\"https:\/\/www.revue-exposition.com\/index.php\/appel-a-contribution-dossier-thematique\/\">Appel \u00e0 contributions<\/a>), mais sont soumis au m\u00eame processus d\u2019\u00e9valuation, g\u00e9r\u00e9 par le directeur\/la directrice de chaque num\u00e9ro.<\/p>\n<p style=\"text-align: justify;\">Au pr\u00e9alable, si l\u2019article soumis est jug\u00e9 hors-sujet par le directeur\/la directrice, celui-ci\/celle-ci se r\u00e9serve le droit de refuser le texte sans le soumettre \u00e0 expertise, en prenant le soin d\u2019expliquer sa position \u00e0 l\u2019auteur\/trice concern\u00e9.e.<strong>\u00a0<\/strong><\/p>\n<p style=\"text-align: justify;\">Afin d\u2019assurer la coh\u00e9rence de l\u2019ensemble des articles publi\u00e9s sur le site, il est demand\u00e9 \u00e0 toute personne soumettant un texte de s\u2019assurer que ce dernier respecte les normes indiqu\u00e9es dans le document ci-dessous.<br \/>\n<a href=\"https:\/\/www.revue-exposition.com\/wp-content\/uploads\/2021\/10\/Normes-revues-exPosition-2021.pdf\">Normes revue <em>exPosition<\/em><\/a><\/p>\n","protected":false},"excerpt":{"rendered":"<p>Varia Il est possible de soumettre tout au long de l\u2019ann\u00e9e une proposition d\u2019article \u00e0 la revue exPosition en envoyant un argumentaire (avec titre provisoire et probl\u00e9matique) de 3000 signes maximum \u00e0\u00a0contact@revue-exposition.com. En cas d\u2019avis positif du membre du comit\u00e9 de r\u00e9daction charg\u00e9 de cette phase de pr\u00e9-s\u00e9lection, l\u2019auteur\/trice s\u2019engage \u00e0 remettre son article enti\u00e8rement &hellip; <a href=\"https:\/\/www.revue-exposition.com\/index.php\/note-aux-auteurs\" class=\"more-link\">Continuer la lecture<span class=\"screen-reader-text\"> de &laquo;&nbsp;Note aux auteurs\/trices&nbsp;&raquo;<\/span><\/a><\/p>\n","protected":false},"author":1,"featured_media":0,"parent":0,"menu_order":0,"comment_status":"closed","ping_status":"closed","template":"","meta":{"jetpack_post_was_ever_published":false,"footnotes":""},"class_list":["post-21","page","type-page","status-publish","hentry"],"yoast_head":"<!-- This site is optimized with the Yoast SEO plugin v27.0 - https:\/\/yoast.com\/product\/yoast-seo-wordpress\/ -->\n<title>Note aux auteurs\/trices - exPosition<\/title>\n<meta name=\"robots\" content=\"index, follow, max-snippet:-1, max-image-preview:large, max-video-preview:-1\" \/>\n<link rel=\"canonical\" href=\"https:\/\/www.revue-exposition.com\/index.php\/note-aux-auteurs\" \/>\n<meta property=\"og:locale\" content=\"fr_FR\" \/>\n<meta property=\"og:type\" content=\"article\" \/>\n<meta property=\"og:title\" content=\"Note aux auteurs\/trices - exPosition\" \/>\n<meta property=\"og:description\" content=\"Varia Il est possible de soumettre tout au long de l\u2019ann\u00e9e une proposition d\u2019article \u00e0 la revue exPosition en envoyant un argumentaire (avec titre provisoire et probl\u00e9matique) de 3000 signes maximum \u00e0\u00a0contact@revue-exposition.com. En cas d\u2019avis positif du membre du comit\u00e9 de r\u00e9daction charg\u00e9 de cette phase de pr\u00e9-s\u00e9lection, l\u2019auteur\/trice s\u2019engage \u00e0 remettre son article enti\u00e8rement &hellip; Continuer la lecture de &laquo;&nbsp;Note aux auteurs\/trices&nbsp;&raquo;\" \/>\n<meta property=\"og:url\" content=\"https:\/\/www.revue-exposition.com\/index.php\/note-aux-auteurs\" \/>\n<meta property=\"og:site_name\" content=\"exPosition\" \/>\n<meta property=\"article:modified_time\" content=\"2021-10-11T09:41:30+00:00\" \/>\n<meta name=\"twitter:card\" content=\"summary_large_image\" \/>\n<meta name=\"twitter:label1\" content=\"Dur\u00e9e de lecture estim\u00e9e\" \/>\n\t<meta name=\"twitter:data1\" content=\"2 minutes\" \/>\n<script type=\"application\/ld+json\" class=\"yoast-schema-graph\">{\"@context\":\"https:\/\/schema.org\",\"@graph\":[{\"@type\":\"WebPage\",\"@id\":\"https:\/\/www.revue-exposition.com\/index.php\/note-aux-auteurs\",\"url\":\"https:\/\/www.revue-exposition.com\/index.php\/note-aux-auteurs\",\"name\":\"Note aux auteurs\/trices - exPosition\",\"isPartOf\":{\"@id\":\"https:\/\/www.revue-exposition.com\/#website\"},\"datePublished\":\"2016-05-02T20:41:21+00:00\",\"dateModified\":\"2021-10-11T09:41:30+00:00\",\"breadcrumb\":{\"@id\":\"https:\/\/www.revue-exposition.com\/index.php\/note-aux-auteurs#breadcrumb\"},\"inLanguage\":\"fr-FR\",\"potentialAction\":[{\"@type\":\"ReadAction\",\"target\":[\"https:\/\/www.revue-exposition.com\/index.php\/note-aux-auteurs\"]}]},{\"@type\":\"BreadcrumbList\",\"@id\":\"https:\/\/www.revue-exposition.com\/index.php\/note-aux-auteurs#breadcrumb\",\"itemListElement\":[{\"@type\":\"ListItem\",\"position\":1,\"name\":\"Accueil\",\"item\":\"https:\/\/www.revue-exposition.com\/\"},{\"@type\":\"ListItem\",\"position\":2,\"name\":\"Note aux auteurs\/trices\"}]},{\"@type\":\"WebSite\",\"@id\":\"https:\/\/www.revue-exposition.com\/#website\",\"url\":\"https:\/\/www.revue-exposition.com\/\",\"name\":\"exPosition\",\"description\":\"Revue d&#039;analyse des enjeux propres \u00e0 l&#039;exposition des \u0153uvres et objets d&#039;art\",\"publisher\":{\"@id\":\"https:\/\/www.revue-exposition.com\/#organization\"},\"potentialAction\":[{\"@type\":\"SearchAction\",\"target\":{\"@type\":\"EntryPoint\",\"urlTemplate\":\"https:\/\/www.revue-exposition.com\/?s={search_term_string}\"},\"query-input\":{\"@type\":\"PropertyValueSpecification\",\"valueRequired\":true,\"valueName\":\"search_term_string\"}}],\"inLanguage\":\"fr-FR\"},{\"@type\":\"Organization\",\"@id\":\"https:\/\/www.revue-exposition.com\/#organization\",\"name\":\"exPosition\",\"url\":\"https:\/\/www.revue-exposition.com\/\",\"logo\":{\"@type\":\"ImageObject\",\"inLanguage\":\"fr-FR\",\"@id\":\"https:\/\/www.revue-exposition.com\/#\/schema\/logo\/image\/\",\"url\":\"https:\/\/i2.wp.com\/www.revue-exposition.com\/wp-content\/uploads\/2016\/06\/cropped-logo-rond-noir.jpg?fit=512%2C512\",\"contentUrl\":\"https:\/\/i2.wp.com\/www.revue-exposition.com\/wp-content\/uploads\/2016\/06\/cropped-logo-rond-noir.jpg?fit=512%2C512\",\"width\":512,\"height\":512,\"caption\":\"exPosition\"},\"image\":{\"@id\":\"https:\/\/www.revue-exposition.com\/#\/schema\/logo\/image\/\"}}]}<\/script>\n<!-- \/ Yoast SEO plugin. -->","yoast_head_json":{"title":"Note aux auteurs\/trices - exPosition","robots":{"index":"index","follow":"follow","max-snippet":"max-snippet:-1","max-image-preview":"max-image-preview:large","max-video-preview":"max-video-preview:-1"},"canonical":"https:\/\/www.revue-exposition.com\/index.php\/note-aux-auteurs","og_locale":"fr_FR","og_type":"article","og_title":"Note aux auteurs\/trices - exPosition","og_description":"Varia Il est possible de soumettre tout au long de l\u2019ann\u00e9e une proposition d\u2019article \u00e0 la revue exPosition en envoyant un argumentaire (avec titre provisoire et probl\u00e9matique) de 3000 signes maximum \u00e0\u00a0contact@revue-exposition.com. En cas d\u2019avis positif du membre du comit\u00e9 de r\u00e9daction charg\u00e9 de cette phase de pr\u00e9-s\u00e9lection, l\u2019auteur\/trice s\u2019engage \u00e0 remettre son article enti\u00e8rement &hellip; Continuer la lecture de &laquo;&nbsp;Note aux auteurs\/trices&nbsp;&raquo;","og_url":"https:\/\/www.revue-exposition.com\/index.php\/note-aux-auteurs","og_site_name":"exPosition","article_modified_time":"2021-10-11T09:41:30+00:00","twitter_card":"summary_large_image","twitter_misc":{"Dur\u00e9e de lecture estim\u00e9e":"2 minutes"},"schema":{"@context":"https:\/\/schema.org","@graph":[{"@type":"WebPage","@id":"https:\/\/www.revue-exposition.com\/index.php\/note-aux-auteurs","url":"https:\/\/www.revue-exposition.com\/index.php\/note-aux-auteurs","name":"Note aux auteurs\/trices - exPosition","isPartOf":{"@id":"https:\/\/www.revue-exposition.com\/#website"},"datePublished":"2016-05-02T20:41:21+00:00","dateModified":"2021-10-11T09:41:30+00:00","breadcrumb":{"@id":"https:\/\/www.revue-exposition.com\/index.php\/note-aux-auteurs#breadcrumb"},"inLanguage":"fr-FR","potentialAction":[{"@type":"ReadAction","target":["https:\/\/www.revue-exposition.com\/index.php\/note-aux-auteurs"]}]},{"@type":"BreadcrumbList","@id":"https:\/\/www.revue-exposition.com\/index.php\/note-aux-auteurs#breadcrumb","itemListElement":[{"@type":"ListItem","position":1,"name":"Accueil","item":"https:\/\/www.revue-exposition.com\/"},{"@type":"ListItem","position":2,"name":"Note aux auteurs\/trices"}]},{"@type":"WebSite","@id":"https:\/\/www.revue-exposition.com\/#website","url":"https:\/\/www.revue-exposition.com\/","name":"exPosition","description":"Revue d&#039;analyse des enjeux propres \u00e0 l&#039;exposition des \u0153uvres et objets d&#039;art","publisher":{"@id":"https:\/\/www.revue-exposition.com\/#organization"},"potentialAction":[{"@type":"SearchAction","target":{"@type":"EntryPoint","urlTemplate":"https:\/\/www.revue-exposition.com\/?s={search_term_string}"},"query-input":{"@type":"PropertyValueSpecification","valueRequired":true,"valueName":"search_term_string"}}],"inLanguage":"fr-FR"},{"@type":"Organization","@id":"https:\/\/www.revue-exposition.com\/#organization","name":"exPosition","url":"https:\/\/www.revue-exposition.com\/","logo":{"@type":"ImageObject","inLanguage":"fr-FR","@id":"https:\/\/www.revue-exposition.com\/#\/schema\/logo\/image\/","url":"https:\/\/i2.wp.com\/www.revue-exposition.com\/wp-content\/uploads\/2016\/06\/cropped-logo-rond-noir.jpg?fit=512%2C512","contentUrl":"https:\/\/i2.wp.com\/www.revue-exposition.com\/wp-content\/uploads\/2016\/06\/cropped-logo-rond-noir.jpg?fit=512%2C512","width":512,"height":512,"caption":"exPosition"},"image":{"@id":"https:\/\/www.revue-exposition.com\/#\/schema\/logo\/image\/"}}]}},"jetpack_sharing_enabled":true,"jetpack_shortlink":"https:\/\/wp.me\/P7FaMB-l","_links":{"self":[{"href":"https:\/\/www.revue-exposition.com\/index.php\/wp-json\/wp\/v2\/pages\/21","targetHints":{"allow":["GET"]}}],"collection":[{"href":"https:\/\/www.revue-exposition.com\/index.php\/wp-json\/wp\/v2\/pages"}],"about":[{"href":"https:\/\/www.revue-exposition.com\/index.php\/wp-json\/wp\/v2\/types\/page"}],"author":[{"embeddable":true,"href":"https:\/\/www.revue-exposition.com\/index.php\/wp-json\/wp\/v2\/users\/1"}],"replies":[{"embeddable":true,"href":"https:\/\/www.revue-exposition.com\/index.php\/wp-json\/wp\/v2\/comments?post=21"}],"version-history":[{"count":19,"href":"https:\/\/www.revue-exposition.com\/index.php\/wp-json\/wp\/v2\/pages\/21\/revisions"}],"predecessor-version":[{"id":2138,"href":"https:\/\/www.revue-exposition.com\/index.php\/wp-json\/wp\/v2\/pages\/21\/revisions\/2138"}],"wp:attachment":[{"href":"https:\/\/www.revue-exposition.com\/index.php\/wp-json\/wp\/v2\/media?parent=21"}],"curies":[{"name":"wp","href":"https:\/\/api.w.org\/{rel}","templated":true}]}}